{"id":40,"date":"2021-09-22T17:03:16","date_gmt":"2021-09-22T15:03:16","guid":{"rendered":"http:\/\/southworldimpromusic.com\/?page_id=40"},"modified":"2021-10-19T19:02:57","modified_gmt":"2021-10-19T17:02:57","slug":"accueil-home","status":"publish","type":"page","link":"https:\/\/southworldimpromusic.com\/","title":{"rendered":"Accueil \/ Home"},"content":{"rendered":"\n<h1 class=\"has-text-align-right has-medium-font-size\"><em><a href=\"http:\/\/southworldimpromusic.com\/index.php\/home\/\"><span style=\"color:#fc5400\" class=\"has-inline-color\">English<\/span>   <\/a><\/em>                  <\/h1>\n\n\n\n<h1 class=\"has-text-align-center\" style=\"font-size:26px\">     <strong><span style=\"color:#fc5400\" class=\"has-inline-color\">South World Impro Music en concert<\/span><\/strong><\/h1>\n\n\n\n<p class=\"has-text-align-center has-cyan-bluish-gray-color has-text-color has-medium-font-size\">Riche et novateur par ses compositions, ce trio illustre parfaitement le Jazz Actuel.                                                                                                            <\/p>\n\n\n\n<p class=\"has-text-align-center has-cyan-bluish-gray-color has-text-color has-medium-font-size\">South World Impro Music nous invite pour un voyage musical hors du commun.                                                                                                                              <\/p>\n\n\n\n<p class=\"has-text-align-center has-cyan-bluish-gray-color has-text-color has-medium-font-size\">Jazz d\u00e9cal\u00e9 qui d\u00e9coiffe les mesures et les styles sans jamais oublier les racines blues.<\/p>\n\n\n\n<p class=\"has-text-align-center has-text-color has-medium-font-size\" style=\"color:#fc5400\"><em><a href=\"http:\/\/southworldimpromusic.com\/index.php\/anne-marie-guillaumat\/\">Anne-Marie Guillaumat basse<\/a><\/em><br><em><a href=\"http:\/\/southworldimpromusic.com\/index.php\/michel-dolique\/\">Michel Dolique batterie<\/a><\/em><br><em><a href=\"http:\/\/southworldimpromusic.com\/index.php\/jonathan-frick\/\">Jonathan Frick piano<\/a><\/em><\/p>\n\n\n\n<p class=\"has-text-align-center has-cyan-bluish-gray-color has-text-color has-medium-font-size\">PROGRAMME: D\u00e9clinaisons d\u2019une harmonie et d\u2019un rythme en chromatisme<\/p>\n\n\n\n<p class=\"has-text-align-center has-cyan-bluish-gray-color has-text-color has-medium-font-size\">Il faut entendre ce r\u00e9pertoire, ses morceaux, comme une suite improvis\u00e9e en variations, autour d\u2019un Blues en C ou Gb (comme vous voulez) et en 3 pour 2 c\u2019est \u00e0 dire ternaire\/binaire (Chicago Blues\/Rhytnm &amp; Blues en 2\/2 ou si vous pr\u00e9f\u00e9rez en 12\/8-4\/4), alt\u00e9r\u00e9(s) (es) bien s\u00fbr, (c\u2019est aussi une blague priv\u00e9e), l\u2019ensemble du r\u00e9pertoire (et non pas le th\u00e8me de chaque morceau) sert de syst\u00e8me pour l\u2019improvisation et permet de jouer \u00abcomme \u00e7a tombe\u00bb librement, c\u2019est le holisme dans la modulation et l\u2019accommodation de la clave, du temps et de la m\u00e9trique aussi bien rythmique que harmonique\u2026South World Impro Music pratique le holisme !<\/p>\n\n\n\n<p class=\"has-text-align-center has-cyan-bluish-gray-color has-text-color has-medium-font-size\">Autrement dit une prise de risque directe nous amenant \u00e0 une exp\u00e9rience diff\u00e9rente suivant l\u2019humeur du moment \u00e0 chaque concert \u2026<\/p>\n\n\n\n<p class=\"has-text-align-center has-cyan-bluish-gray-color has-text-color has-medium-font-size\">Mais l\u2019essentiel est de partager et de se laisser porter par la musique !<\/p>\n\n\n\n<figure class=\"wp-block-image size-large\"><img loading=\"lazy\" width=\"1024\" height=\"685\" src=\"http:\/\/southworldimpromusic.com\/wp-content\/uploads\/2021\/10\/DSC0008-1024x685.jpg\" alt=\"\" class=\"wp-image-134\" srcset=\"https:\/\/southworldimpromusic.com\/wp-content\/uploads\/2021\/10\/DSC0008-1024x685.jpg 1024w, https:\/\/southworldimpromusic.com\/wp-content\/uploads\/2021\/10\/DSC0008-300x201.jpg 300w, https:\/\/southworldimpromusic.com\/wp-content\/uploads\/2021\/10\/DSC0008-768x514.jpg 768w, https:\/\/southworldimpromusic.com\/wp-content\/uploads\/2021\/10\/DSC0008-1536x1028.jpg 1536w, https:\/\/southworldimpromusic.com\/wp-content\/uploads\/2021\/10\/DSC0008-2048x1371.jpg 2048w\" sizes=\"(max-width: 767px) 89vw, (max-width: 1000px) 54vw, (max-width: 1071px) 543px, 580px\" \/><\/figure>\n\n\n\n<p><\/p>\n\n\n\n<p><\/p>\n\n\n\n<p><\/p>\n","protected":false},"excerpt":{"rendered":"<p>English South World Impro Music en concert Riche et novateur par ses compositions, ce trio illustre parfaitement le Jazz Actuel. South World Impro Music nous invite pour un voyage musical hors du commun. Jazz d\u00e9cal\u00e9 qui d\u00e9coiffe les mesures et les styles sans jamais oublier les racines blues. Anne-Marie Guillaumat basseMichel Dolique batterieJonathan Frick piano &hellip; <\/p>\n<p class=\"link-more\"><a href=\"https:\/\/southworldimpromusic.com\/\" class=\"more-link\">Continuer la lecture<span class=\"screen-reader-text\"> de &laquo;&nbsp;Accueil \/ Home&nbsp;&raquo;<\/span><\/a><\/p>\n","protected":false},"author":1,"featured_media":0,"parent":0,"menu_order":0,"comment_status":"closed","ping_status":"closed","template":"","meta":[],"_links":{"self":[{"href":"https:\/\/southworldimpromusic.com\/index.php\/wp-json\/wp\/v2\/pages\/40"}],"collection":[{"href":"https:\/\/southworldimpromusic.com\/index.php\/wp-json\/wp\/v2\/pages"}],"about":[{"href":"https:\/\/southworldimpromusic.com\/index.php\/wp-json\/wp\/v2\/types\/page"}],"author":[{"embeddable":true,"href":"https:\/\/southworldimpromusic.com\/index.php\/wp-json\/wp\/v2\/users\/1"}],"replies":[{"embeddable":true,"href":"https:\/\/southworldimpromusic.com\/index.php\/wp-json\/wp\/v2\/comments?post=40"}],"version-history":[{"count":38,"href":"https:\/\/southworldimpromusic.com\/index.php\/wp-json\/wp\/v2\/pages\/40\/revisions"}],"predecessor-version":[{"id":358,"href":"https:\/\/southworldimpromusic.com\/index.php\/wp-json\/wp\/v2\/pages\/40\/revisions\/358"}],"wp:attachment":[{"href":"https:\/\/southworldimpromusic.com\/index.php\/wp-json\/wp\/v2\/media?parent=40"}],"curies":[{"name":"wp","href":"https:\/\/api.w.org\/{rel}","templated":true}]}}