{"id":333,"date":"2021-10-19T18:25:09","date_gmt":"2021-10-19T16:25:09","guid":{"rendered":"http:\/\/southworldimpromusic.com\/?page_id=333"},"modified":"2021-10-19T18:25:09","modified_gmt":"2021-10-19T16:25:09","slug":"jonathan-frick","status":"publish","type":"page","link":"https:\/\/southworldimpromusic.com\/index.php\/jonathan-frick\/","title":{"rendered":"Jonathan Frick"},"content":{"rendered":"\n<p class=\"has-cyan-bluish-gray-color has-text-color has-medium-font-size\">N\u00e9 en 1982 \u00e0 Feldkirch (Autriche) d&rsquo;une famille de musiciens Jonathan Frick a \u00e9tudi\u00e9 le piano Jazz avec Cristoph Cech et Dejan Pecenko \u00e0 la \u00ab\u00a0Privatuniversit\u00e4t Anton Bruckner\u00bb \u00e0 Linz.<br>En dehors de ses \u00e9tudes de jazz il a \u00e9galement \u00e9tudi\u00e9 l&rsquo;ing\u00e9nierie t\u00e9l\u00e9matique \u00e0 la \u00ab\u00a0Graz University of Technology\u00a0\u00bb.<br>En combinant les deux disciplines il a d\u00e9velopp\u00e9 un logiciel de strat\u00e9gie de formation assist\u00e9e par ordinateur pour atteindre la capacit\u00e9 d&rsquo;improvisation intuitive (non-algorithmique).<br>Il vit actuellement \u00e0 Vienne (Autriche), il joue du piano et synth\u00e9tiseur, et compose, pour plusieurs groupes de diff\u00e9rents styles et approches musicales (par exemple: Deepressure4, Aerdung) et poss\u00e8de son propre trio nomm\u00e9 \u00ab\u00a0Pharmwill\u00a0\u00bb.<\/p>\n","protected":false},"excerpt":{"rendered":"<p>N\u00e9 en 1982 \u00e0 Feldkirch (Autriche) d&rsquo;une famille de musiciens Jonathan Frick a \u00e9tudi\u00e9 le piano Jazz avec Cristoph Cech et Dejan Pecenko \u00e0 la \u00ab\u00a0Privatuniversit\u00e4t Anton Bruckner\u00bb \u00e0 Linz.En dehors de ses \u00e9tudes de jazz il a \u00e9galement \u00e9tudi\u00e9 l&rsquo;ing\u00e9nierie t\u00e9l\u00e9matique \u00e0 la \u00ab\u00a0Graz University of Technology\u00a0\u00bb.En combinant les deux disciplines il a d\u00e9velopp\u00e9 &hellip; <\/p>\n<p class=\"link-more\"><a href=\"https:\/\/southworldimpromusic.com\/index.php\/jonathan-frick\/\" class=\"more-link\">Continuer la lecture<span class=\"screen-reader-text\"> de &laquo;&nbsp;Jonathan Frick&nbsp;&raquo;<\/span><\/a><\/p>\n","protected":false},"author":1,"featured_media":0,"parent":0,"menu_order":0,"comment_status":"closed","ping_status":"closed","template":"","meta":[],"_links":{"self":[{"href":"https:\/\/southworldimpromusic.com\/index.php\/wp-json\/wp\/v2\/pages\/333"}],"collection":[{"href":"https:\/\/southworldimpromusic.com\/index.php\/wp-json\/wp\/v2\/pages"}],"about":[{"href":"https:\/\/southworldimpromusic.com\/index.php\/wp-json\/wp\/v2\/types\/page"}],"author":[{"embeddable":true,"href":"https:\/\/southworldimpromusic.com\/index.php\/wp-json\/wp\/v2\/users\/1"}],"replies":[{"embeddable":true,"href":"https:\/\/southworldimpromusic.com\/index.php\/wp-json\/wp\/v2\/comments?post=333"}],"version-history":[{"count":1,"href":"https:\/\/southworldimpromusic.com\/index.php\/wp-json\/wp\/v2\/pages\/333\/revisions"}],"predecessor-version":[{"id":334,"href":"https:\/\/southworldimpromusic.com\/index.php\/wp-json\/wp\/v2\/pages\/333\/revisions\/334"}],"wp:attachment":[{"href":"https:\/\/southworldimpromusic.com\/index.php\/wp-json\/wp\/v2\/media?parent=333"}],"curies":[{"name":"wp","href":"https:\/\/api.w.org\/{rel}","templated":true}]}}