{"id":323,"date":"2021-10-19T18:13:36","date_gmt":"2021-10-19T16:13:36","guid":{"rendered":"http:\/\/southworldimpromusic.com\/?page_id=323"},"modified":"2022-03-18T20:19:09","modified_gmt":"2022-03-18T19:19:09","slug":"anne-marie-guillaumat","status":"publish","type":"page","link":"https:\/\/southworldimpromusic.com\/index.php\/anne-marie-guillaumat\/","title":{"rendered":"Anne-Marie Guillaumat"},"content":{"rendered":"\n<p class=\"has-cyan-bluish-gray-color has-text-color has-medium-font-size\">N\u00e9e \u00e0 Rouen dans une famille de musiciens, Anne-Marie d\u00e9veloppe depuis son plus jeune \u00e2ge une facilit\u00e9 d&rsquo;oreille, de chant, de rythme, de sens musical. Apr\u00e8s s&rsquo;\u00eatre consacr\u00e9e aux fl\u00fbtes, traversi\u00e8re (conservatoire), fl\u00fbte de pan et kena, elle se passionne pour la batterie. D&rsquo;esprit tr\u00e8s ind\u00e9pendant et autodidacte, elle forge son apprentissage \u00e0 travers diverses exp\u00e9riences de groupes dans le sud de la France. Des stages et clinics o\u00f9 elle est remarqu\u00e9e (avec Bill Bruford, Greg Bissonnette, Andr\u00e9 ceccarelli) confortent son don pour l&rsquo;instrument.<\/p>\n\n\n\n<p class=\"has-cyan-bluish-gray-color has-text-color has-medium-font-size\">A partir de 1989, le contexte associatif lui fait rencontrer des musiciens de haut niveau qui vont l&rsquo;aider \u00e0 affirmer son go\u00fbt de toujours pour le jazz-rock et la fusion. Au contact de ces artistes complets au talent inventif, son \u00e9volution prend de la vitesse et de la hauteur pour rejoindre les instigateurs de la musique novatrice et alternative.<br>Sa recherche musicale s&rsquo;exprime \u00e0 partir de 1995 \u00e0 travers le groupe Melting Potes Musique sans Fronti\u00e8res.<\/p>\n\n\n\n<p class=\"has-cyan-bluish-gray-color has-text-color has-medium-font-size\">En 1998 et 1999, elle se consacre au piano jazz \u00e0 l&rsquo;Institut Musical de Formation Professionnelle \u00e0 Salon de Provence; l&rsquo;\u00e9tude de l&rsquo;harmonie moderne d\u00e9veloppe son sens de la composition. Dans le m\u00eame temps, Anne-Marie enrichie sa culture musicale \u00e0 l&rsquo;\u00e9coute des grands du jazz. De 2000 \u00e0 2004, elle est la batteuse du quintette des Swing Jazz, depuis 2000 elle accompagne Antoine Pinilla-Munoz, pianiste \u00e9mouvant appr\u00e9ci\u00e9 et pl\u00e9biscit\u00e9 par Ray Charles lui-m\u00eame.<br>En 2003, en autodidacte, elle se met \u00e0 la basse 5 cordes, joue en groupe et enregistre en tant que bassiste d\u00e8s 2004.<\/p>\n\n\n\n<p class=\"has-cyan-bluish-gray-color has-text-color has-medium-font-size\">CD :<\/p>\n\n\n\n<p class=\"has-cyan-bluish-gray-color has-text-color has-medium-font-size\">\u00e0 la batterie :<br>1990 &#8211; Zoo Electric (D\u00e9mo)<br>1994 &#8211; Ext\u00e9rieur bleu (D\u00e9mo)<br>1996 &#8211; Melting Potes MSF \u00ab\u00a0Pirate\u00a0\u00bb<br>1998 &#8211; Melting Potes MSF \u00ab\u00a0Universal song\u00a0\u00bb<br>2000 &#8211; WIM \u00ab\u00a0Miscellaneous blues\u00a0\u00bb<br>2001 &#8211; Swing Jazz (E. Bonafos quintet) \u00ab\u00a0Standards\u00a0\u00bb<\/p>\n\n\n\n<p class=\"has-cyan-bluish-gray-color has-text-color has-medium-font-size\">\u00e0 la basse :<br>2004 &#8211; SWIM \u00ab\u00a0Silver\u00a0\u00bb<br>2005 &#8211; SWIM \u00ab\u00a0To my little cat\u00a0\u00bb<br>2006 &#8211; South World Impro Music \u00ab\u00a0Cooking the blues\u00a0\u00bb<\/p>\n\n\n\n<p class=\"has-cyan-bluish-gray-color has-text-color has-medium-font-size\">2008 &#8211; South World Impro Music \u00a0\u00bb Overlap\u00a0\u00bb<\/p>\n\n\n\n<p><\/p>\n\n\n\n<p><\/p>\n","protected":false},"excerpt":{"rendered":"<p>N\u00e9e \u00e0 Rouen dans une famille de musiciens, Anne-Marie d\u00e9veloppe depuis son plus jeune \u00e2ge une facilit\u00e9 d&rsquo;oreille, de chant, de rythme, de sens musical. Apr\u00e8s s&rsquo;\u00eatre consacr\u00e9e aux fl\u00fbtes, traversi\u00e8re (conservatoire), fl\u00fbte de pan et kena, elle se passionne pour la batterie. D&rsquo;esprit tr\u00e8s ind\u00e9pendant et autodidacte, elle forge son apprentissage \u00e0 travers diverses &hellip; <\/p>\n<p class=\"link-more\"><a href=\"https:\/\/southworldimpromusic.com\/index.php\/anne-marie-guillaumat\/\" class=\"more-link\">Continuer la lecture<span class=\"screen-reader-text\"> de &laquo;&nbsp;Anne-Marie Guillaumat&nbsp;&raquo;<\/span><\/a><\/p>\n","protected":false},"author":1,"featured_media":0,"parent":0,"menu_order":0,"comment_status":"closed","ping_status":"closed","template":"","meta":[],"_links":{"self":[{"href":"https:\/\/southworldimpromusic.com\/index.php\/wp-json\/wp\/v2\/pages\/323"}],"collection":[{"href":"https:\/\/southworldimpromusic.com\/index.php\/wp-json\/wp\/v2\/pages"}],"about":[{"href":"https:\/\/southworldimpromusic.com\/index.php\/wp-json\/wp\/v2\/types\/page"}],"author":[{"embeddable":true,"href":"https:\/\/southworldimpromusic.com\/index.php\/wp-json\/wp\/v2\/users\/1"}],"replies":[{"embeddable":true,"href":"https:\/\/southworldimpromusic.com\/index.php\/wp-json\/wp\/v2\/comments?post=323"}],"version-history":[{"count":6,"href":"https:\/\/southworldimpromusic.com\/index.php\/wp-json\/wp\/v2\/pages\/323\/revisions"}],"predecessor-version":[{"id":405,"href":"https:\/\/southworldimpromusic.com\/index.php\/wp-json\/wp\/v2\/pages\/323\/revisions\/405"}],"wp:attachment":[{"href":"https:\/\/southworldimpromusic.com\/index.php\/wp-json\/wp\/v2\/media?parent=323"}],"curies":[{"name":"wp","href":"https:\/\/api.w.org\/{rel}","templated":true}]}}