{"id":31,"date":"2021-09-22T16:57:35","date_gmt":"2021-09-22T14:57:35","guid":{"rendered":"http:\/\/southworldimpromusic.com\/?page_id=31"},"modified":"2021-10-19T18:47:06","modified_gmt":"2021-10-19T16:47:06","slug":"musiscene","status":"publish","type":"page","link":"https:\/\/southworldimpromusic.com\/index.php\/musiscene\/","title":{"rendered":"Musisc\u00e8ne"},"content":{"rendered":"\n<p class=\"has-cyan-bluish-gray-color has-text-color has-medium-font-size\">South World Impro Music est produit essentiellement en Trio \u00a0 \u00a0 \u00a0 \u00a0 \u00a0 \u00a0 \u00a0 \u00a0 \u00a0 \u00a0 \u00a0 \u00a0 \u00a0 \u00a0 \u00a0\u00a0\u00a0 \u00a0\u00a0                                                                                                                                     <em><span style=\"color:#fc5400\" class=\"has-inline-color\"><a href=\"http:\/\/southworldimpromusic.com\/index.php\/musiscene-2\/\">English<\/a><\/span><\/em><br>(opportunit\u00e9 d\u2019un invit\u00e9 surprise suivant les arrivages\u00a0! -tout instrumentiste-)<\/p>\n\n\n\n<p class=\"has-cyan-bluish-gray-color has-text-color has-medium-font-size\">Il est aussi produit en impro-music-sc\u00e8ne&nbsp;\u00ab&nbsp;Musisc\u00e8ne&nbsp;\u00bb :                                                                      les amateurs d\u2019improvisation (professionnels ou non ou m\u00eame compl\u00e8tement d\u00e9butants, de tous \u00e2ges, selon les conditions *\u2026) apr\u00e8s quelques r\u00e9p\u00e9titions peuvent jouer sur sc\u00e8ne avec les membres du South World Impro Music\u2026<\/p>\n\n\n\n<p class=\"has-cyan-bluish-gray-color has-text-color has-medium-font-size\">Organisateurs, particuliers, faites jouer, et jouez sur sc\u00e8ne avec le South World Impro Music&nbsp;!<\/p>\n\n\n\n<p class=\"has-cyan-bluish-gray-color has-text-color has-medium-font-size\">\u00ab In the fringe of the intuit music development cross the orchestra stage production&nbsp;\u00bb : partant d\u2019un syst\u00e8me rythmique \u00e0 la fois lin\u00e9aire et vertical et d\u2019une harmonie chromatique sur le principe des triades superpos\u00e9es les compositions sont bas\u00e9es sur l\u2019improvisation libre (\u00abVolumetric System from Modulation &amp; Accommodation of Time and Sound for Music, New Paradigm for Improvisation\u00bb)<br>D\u2019une improvisation libre nous formatons une structure en standard o\u00f9 l\u2019on improvise de nouveau de fa\u00e7on libre ce qui laisse le champ \u00e0 l\u2019expression intuitive de l\u2019instrumentiste et \u00e0 la prise de risque totale sur un rendu \u00e0 priori structur\u00e9, South World Impro Music pratique le holisme.<br>On peut \u00eatre en dehors comme on peut \u00eatre en dedans d\u2019une grille ainsi structur\u00e9e, on peut d\u00e9placer, allonger, r\u00e9tr\u00e9cir, d\u00e9caler, superposer, intervertir, substituer, passer par dessus, malaxer, triturer, s\u2019\u00e9chapper\u2026 et \u00eatre au rendez- vous\u2026 mais lequel&nbsp;?!!! Le nouveau paradigme nous fait entrer dans la musicalit\u00e9\u2026 et la v\u00e9ritable originalit\u00e9&nbsp;:<br>pour cela nous utilisons des rep\u00e8res dont la logique transcende la th\u00e9orie et l\u2019analyse, l\u00e9gitimation de l\u2019oralit\u00e9, v\u00e9ritable \u00ab&nbsp;image interne de l\u2019artiste&nbsp;\u00bb, alors chacun est pris en compte dans sa substance musicale et peut \u00e9voluer et se d\u00e9velopper artistiquement de fa\u00e7on naturelle dans une condition d\u2019\u00e9coute mutuelle.<br>-La partie structur\u00e9e d\u2019un r\u00e9pertoire marque la providence -d\u2019un esth\u00e9tisme artistique concernant l\u2019\u00e9thique collective d\u2019un public- pour une diffusion.<br>-La partie improvis\u00e9e d\u2019un r\u00e9pertoire concerne la libert\u00e9 d\u2019inspiration, d\u2019expression, et de d\u00e9veloppement artistique de l\u2019instrumentiste \u00e0 partir de cette appr\u00e9hension holistique !<\/p>\n\n\n\n<p class=\"has-cyan-bluish-gray-color has-text-color has-medium-font-size\">In the Fringe of the Intuit Music Development cross the Orchestra Stage Production.<\/p>\n\n\n\n<p class=\"has-cyan-bluish-gray-color has-text-color has-medium-font-size\">*actuellement seulement les europ\u00e9ens, en sortie de cycle LMD minimum Master, uniquement apr\u00e8s s\u00e9lection (pour d\u2019autres possibilit\u00e9s = \u00e0 voir selon propositions et acceptations des conditions)<br><\/p>\n","protected":false},"excerpt":{"rendered":"<p>South World Impro Music est produit essentiellement en Trio \u00a0 \u00a0 \u00a0 \u00a0 \u00a0 \u00a0 \u00a0 \u00a0 \u00a0 \u00a0 \u00a0 \u00a0 \u00a0 \u00a0 \u00a0\u00a0\u00a0 \u00a0\u00a0 English(opportunit\u00e9 d\u2019un invit\u00e9 surprise suivant les arrivages\u00a0! -tout instrumentiste-) Il est aussi produit en impro-music-sc\u00e8ne&nbsp;\u00ab&nbsp;Musisc\u00e8ne&nbsp;\u00bb : les amateurs d\u2019improvisation (professionnels ou non ou m\u00eame compl\u00e8tement d\u00e9butants, de tous \u00e2ges, selon &hellip; <\/p>\n<p class=\"link-more\"><a href=\"https:\/\/southworldimpromusic.com\/index.php\/musiscene\/\" class=\"more-link\">Continuer la lecture<span class=\"screen-reader-text\"> de &laquo;&nbsp;Musisc\u00e8ne&nbsp;&raquo;<\/span><\/a><\/p>\n","protected":false},"author":1,"featured_media":0,"parent":0,"menu_order":0,"comment_status":"closed","ping_status":"closed","template":"","meta":[],"_links":{"self":[{"href":"https:\/\/southworldimpromusic.com\/index.php\/wp-json\/wp\/v2\/pages\/31"}],"collection":[{"href":"https:\/\/southworldimpromusic.com\/index.php\/wp-json\/wp\/v2\/pages"}],"about":[{"href":"https:\/\/southworldimpromusic.com\/index.php\/wp-json\/wp\/v2\/types\/page"}],"author":[{"embeddable":true,"href":"https:\/\/southworldimpromusic.com\/index.php\/wp-json\/wp\/v2\/users\/1"}],"replies":[{"embeddable":true,"href":"https:\/\/southworldimpromusic.com\/index.php\/wp-json\/wp\/v2\/comments?post=31"}],"version-history":[{"count":14,"href":"https:\/\/southworldimpromusic.com\/index.php\/wp-json\/wp\/v2\/pages\/31\/revisions"}],"predecessor-version":[{"id":348,"href":"https:\/\/southworldimpromusic.com\/index.php\/wp-json\/wp\/v2\/pages\/31\/revisions\/348"}],"wp:attachment":[{"href":"https:\/\/southworldimpromusic.com\/index.php\/wp-json\/wp\/v2\/media?parent=31"}],"curies":[{"name":"wp","href":"https:\/\/api.w.org\/{rel}","templated":true}]}}